{"id":390,"date":"2023-04-07T16:32:23","date_gmt":"2023-04-07T16:32:23","guid":{"rendered":"https:\/\/creationslj.com\/?page_id=390"},"modified":"2023-05-09T16:29:17","modified_gmt":"2023-05-09T16:29:17","slug":"formulaire-pergolas","status":"publish","type":"page","link":"https:\/\/creationslj.com\/en\/formulaire-pergolas\/","title":{"rendered":"Formulaire pergolas"},"content":{"rendered":"<p>[et_pb_section fb_built=\u00a0\u00bb1&Prime; _builder_version=\u00a0\u00bb4.20.2&Prime; _module_preset=\u00a0\u00bbdefault\u00a0\u00bb background_enable_color=\u00a0\u00bboff\u00a0\u00bb background_image=\u00a0\u00bbhttps:\/\/creationslj.com\/wp-content\/uploads\/2023\/03\/CreationsLJ_Groupe-84@2x.png\u00a0\u00bb parallax=\u00a0\u00bbon\u00a0\u00bb background_blend=\u00a0\u00bbdarken\u00a0\u00bb global_colors_info=\u00a0\u00bb{}\u00a0\u00bb][et_pb_row _builder_version=\u00a0\u00bb4.20.2&Prime; _module_preset=\u00a0\u00bbdefault\u00a0\u00bb custom_margin=\u00a0\u00bb200px||100px||false|false\u00a0\u00bb global_colors_info=\u00a0\u00bb{}\u00a0\u00bb][et_pb_column type=\u00a0\u00bb4_4&Prime; _builder_version=\u00a0\u00bb4.20.2&Prime; _module_preset=\u00a0\u00bbdefault\u00a0\u00bb global_colors_info=\u00a0\u00bb{}\u00a0\u00bb][et_pb_text _builder_version=\u00a0\u00bb4.20.4&Prime; _module_preset=\u00a0\u00bbdefault\u00a0\u00bb header_font=\u00a0\u00bbOswald||||||||\u00a0\u00bb header_text_color=\u00a0\u00bb#b44206&Prime; header_font_size=\u00a0\u00bb42px\u00a0\u00bb animation_style=\u00a0\u00bbfade\u00a0\u00bb global_colors_info=\u00a0\u00bb{}\u00a0\u00bb]<\/p>\n<h1 style=\"text-align: center;\"><span>Ma pergola | Demande de soumission<\/span><\/h1>\n<p>[\/et_pb_text][et_pb_divider color=\u00a0\u00bb#b44206&Prime; divider_weight=\u00a0\u00bb3px\u00a0\u00bb _builder_version=\u00a0\u00bb4.20.2&Prime; _module_preset=\u00a0\u00bbdefault\u00a0\u00bb width=\u00a0\u00bb150px\u00a0\u00bb module_alignment=\u00a0\u00bbcenter\u00a0\u00bb animation_style=\u00a0\u00bbfade\u00a0\u00bb global_colors_info=\u00a0\u00bb{}\u00a0\u00bb][\/et_pb_divider][et_pb_text _builder_version=\u00a0\u00bb4.20.4&Prime; _module_preset=\u00a0\u00bbdefault\u00a0\u00bb text_text_color=\u00a0\u00bb#FFFFFF\u00a0\u00bb text_font_size=\u00a0\u00bb18px\u00a0\u00bb text_line_height=\u00a0\u00bb1.8em\u00a0\u00bb header_font=\u00a0\u00bbOswald||||||||\u00a0\u00bb header_text_color=\u00a0\u00bb#b44206&Prime; header_font_size=\u00a0\u00bb42px\u00a0\u00bb width=\u00a0\u00bb86%\u00a0\u00bb module_alignment=\u00a0\u00bbcenter\u00a0\u00bb animation_style=\u00a0\u00bbfade\u00a0\u00bb animation_delay=\u00a0\u00bb250ms\u00a0\u00bb global_colors_info=\u00a0\u00bb{}\u00a0\u00bb]<\/p>\n<p style=\"text-align: center;\"><span>Bonjour,\u00a0<\/span><\/p>\n<div style=\"text-align: center;\">Ce formulaire a pour but d&rsquo;en savoir plus sur votre projet de pergola. Vos r\u00e9ponses nous permettront de vous faire parvenir un estim\u00e9 pr\u00e9cis pour la r\u00e9alisation de votre projet.\u00a0<\/div>\n<p>[\/et_pb_text][\/et_pb_column][\/et_pb_row][\/et_pb_section][et_pb_section fb_built=\u00a0\u00bb1&Prime; _builder_version=\u00a0\u00bb4.20.4&Prime; _module_preset=\u00a0\u00bbdefault\u00a0\u00bb background_color=\u00a0\u00bb#070606&Prime; global_colors_info=\u00a0\u00bb{}\u00a0\u00bb][et_pb_row _builder_version=\u00a0\u00bb4.20.4&Prime; _module_preset=\u00a0\u00bbdefault\u00a0\u00bb global_colors_info=\u00a0\u00bb{}\u00a0\u00bb][et_pb_column type=\u00a0\u00bb4_4&Prime; _builder_version=\u00a0\u00bb4.20.4&Prime; _module_preset=\u00a0\u00bbdefault\u00a0\u00bb global_colors_info=\u00a0\u00bb{}\u00a0\u00bb][et_pb_contact_form captcha=\u00a0\u00bboff\u00a0\u00bb email=\u00a0\u00bbcreationLJ@hotmail.com\u00a0\u00bb submit_button_text=\u00a0\u00bbEnvoyer\u00a0\u00bb _builder_version=\u00a0\u00bb4.20.4&Prime; _module_preset=\u00a0\u00bbdefault\u00a0\u00bb _unique_id=\u00a0\u00bb1ea6ae71-032b-4291-bdc3-594ab0d9953b\u00a0\u00bb form_field_background_color=\u00a0\u00bb#FFFFFF\u00a0\u00bb form_field_text_color=\u00a0\u00bb#b44206&Prime; form_field_focus_background_color=\u00a0\u00bb#b44206&Prime; form_field_focus_text_color=\u00a0\u00bb#FFFFFF\u00a0\u00bb custom_button=\u00a0\u00bbon\u00a0\u00bb button_text_color=\u00a0\u00bb#FFFFFF\u00a0\u00bb button_bg_color=\u00a0\u00bb#b44206&Prime; button_border_width=\u00a0\u00bb0px\u00a0\u00bb button_border_radius=\u00a0\u00bb0px\u00a0\u00bb button_font=\u00a0\u00bbOswald|700||on|||||\u00a0\u00bb hover_enabled=\u00a0\u00bb0&Prime; global_colors_info=\u00a0\u00bb{}\u00a0\u00bb sticky_enabled=\u00a0\u00bb0&Prime;][et_pb_contact_field field_id=\u00a0\u00bbtelephone\u00a0\u00bb field_title=\u00a0\u00bbNum\u00e9ro de t\u00e9l\u00e9phone\u00a0\u00bb min_length=\u00a0\u00bb10&Prime; max_length=\u00a0\u00bb11&Prime; allowed_symbols=\u00a0\u00bbnumbers\u00a0\u00bb _builder_version=\u00a0\u00bb4.20.4&Prime; global_colors_info=\u00a0\u00bb{}\u00a0\u00bb button_text_size__hover_enabled=\u00a0\u00bboff\u00a0\u00bb button_one_text_size__hover_enabled=\u00a0\u00bboff\u00a0\u00bb button_two_text_size__hover_enabled=\u00a0\u00bboff\u00a0\u00bb button_text_color__hover_enabled=\u00a0\u00bboff\u00a0\u00bb button_one_text_color__hover_enabled=\u00a0\u00bboff\u00a0\u00bb button_two_text_color__hover_enabled=\u00a0\u00bboff\u00a0\u00bb button_border_width__hover_enabled=\u00a0\u00bboff\u00a0\u00bb button_one_border_width__hover_enabled=\u00a0\u00bboff\u00a0\u00bb button_two_border_width__hover_enabled=\u00a0\u00bboff\u00a0\u00bb button_border_color__hover_enabled=\u00a0\u00bboff\u00a0\u00bb button_one_border_color__hover_enabled=\u00a0\u00bboff\u00a0\u00bb button_two_border_color__hover_enabled=\u00a0\u00bboff\u00a0\u00bb button_border_radius__hover_enabled=\u00a0\u00bboff\u00a0\u00bb button_one_border_radius__hover_enabled=\u00a0\u00bboff\u00a0\u00bb button_two_border_radius__hover_enabled=\u00a0\u00bboff\u00a0\u00bb button_letter_spacing__hover_enabled=\u00a0\u00bboff\u00a0\u00bb button_one_letter_spacing__hover_enabled=\u00a0\u00bboff\u00a0\u00bb button_two_letter_spacing__hover_enabled=\u00a0\u00bboff\u00a0\u00bb button_bg_color__hover_enabled=\u00a0\u00bboff\u00a0\u00bb button_one_bg_color__hover_enabled=\u00a0\u00bboff\u00a0\u00bb button_two_bg_color__hover_enabled=\u00a0\u00bboff\u00a0\u00bb][\/et_pb_contact_field][et_pb_contact_field field_id=\u00a0\u00bbnom\u00a0\u00bb field_title=\u00a0\u00bbPr\u00e9nom, nom\u00a0\u00bb _builder_version=\u00a0\u00bb4.20.4&Prime; global_colors_info=\u00a0\u00bb{}\u00a0\u00bb button_text_size__hover_enabled=\u00a0\u00bboff\u00a0\u00bb button_one_text_size__hover_enabled=\u00a0\u00bboff\u00a0\u00bb button_two_text_size__hover_enabled=\u00a0\u00bboff\u00a0\u00bb button_text_color__hover_enabled=\u00a0\u00bboff\u00a0\u00bb button_one_text_color__hover_enabled=\u00a0\u00bboff\u00a0\u00bb button_two_text_color__hover_enabled=\u00a0\u00bboff\u00a0\u00bb button_border_width__hover_enabled=\u00a0\u00bboff\u00a0\u00bb button_one_border_width__hover_enabled=\u00a0\u00bboff\u00a0\u00bb button_two_border_width__hover_enabled=\u00a0\u00bboff\u00a0\u00bb button_border_color__hover_enabled=\u00a0\u00bboff\u00a0\u00bb button_one_border_color__hover_enabled=\u00a0\u00bboff\u00a0\u00bb button_two_border_color__hover_enabled=\u00a0\u00bboff\u00a0\u00bb button_border_radius__hover_enabled=\u00a0\u00bboff\u00a0\u00bb button_one_border_radius__hover_enabled=\u00a0\u00bboff\u00a0\u00bb button_two_border_radius__hover_enabled=\u00a0\u00bboff\u00a0\u00bb button_letter_spacing__hover_enabled=\u00a0\u00bboff\u00a0\u00bb button_one_letter_spacing__hover_enabled=\u00a0\u00bboff\u00a0\u00bb button_two_letter_spacing__hover_enabled=\u00a0\u00bboff\u00a0\u00bb button_bg_color__hover_enabled=\u00a0\u00bboff\u00a0\u00bb button_one_bg_color__hover_enabled=\u00a0\u00bboff\u00a0\u00bb button_two_bg_color__hover_enabled=\u00a0\u00bboff\u00a0\u00bb][\/et_pb_contact_field][et_pb_contact_field fullwidth_field=\u00a0\u00bbon\u00a0\u00bb _builder_version=\u00a0\u00bb4.20.4&Prime; _module_preset=\u00a0\u00bbdefault\u00a0\u00bb field_id=\u00a0\u00bbcourriel\u00a0\u00bb hover_enabled=\u00a0\u00bb0&Prime; sticky_enabled=\u00a0\u00bb0&Prime; field_title=\u00a0\u00bbCourriel\u00a0\u00bb field_type=\u00a0\u00bbemail\u00a0\u00bb][\/et_pb_contact_field][et_pb_contact_field field_id=\u00a0\u00bbtype_design\u00a0\u00bb field_title=\u00a0\u00bbQuel type de design souhaitez-vous donner \u00e0 votre pergola?\u00a0\u00bb field_type=\u00a0\u00bbradio\u00a0\u00bb radio_options=\u00a0\u00bb%91{%22value%22:%22Monopente%22,%22checked%22:0,%22dragID%22:-1},{%22value%22:%22Double pente%22,%22checked%22:0,%22dragID%22:0},{%22value%22:%22Autre%22,%22checked%22:0,%22dragID%22:1}%93&Prime; fullwidth_field=\u00a0\u00bbon\u00a0\u00bb _builder_version=\u00a0\u00bb4.20.4&Prime; _module_preset=\u00a0\u00bbdefault\u00a0\u00bb custom_css_main_element=\u00a0\u00bbbackground: transparent;\u00a0\u00bb global_colors_info=\u00a0\u00bb{}\u00a0\u00bb][\/et_pb_contact_field][et_pb_contact_field field_id=\u00a0\u00bbregion\u00a0\u00bb field_title=\u00a0\u00bbQuelle r\u00e9gion habitez-vous (ville)?\u00a0\u00bb fullwidth_field=\u00a0\u00bbon\u00a0\u00bb _builder_version=\u00a0\u00bb4.20.4&Prime; global_colors_info=\u00a0\u00bb{}\u00a0\u00bb button_text_size__hover_enabled=\u00a0\u00bboff\u00a0\u00bb button_one_text_size__hover_enabled=\u00a0\u00bboff\u00a0\u00bb button_two_text_size__hover_enabled=\u00a0\u00bboff\u00a0\u00bb button_text_color__hover_enabled=\u00a0\u00bboff\u00a0\u00bb button_one_text_color__hover_enabled=\u00a0\u00bboff\u00a0\u00bb button_two_text_color__hover_enabled=\u00a0\u00bboff\u00a0\u00bb button_border_width__hover_enabled=\u00a0\u00bboff\u00a0\u00bb button_one_border_width__hover_enabled=\u00a0\u00bboff\u00a0\u00bb button_two_border_width__hover_enabled=\u00a0\u00bboff\u00a0\u00bb button_border_color__hover_enabled=\u00a0\u00bboff\u00a0\u00bb button_one_border_color__hover_enabled=\u00a0\u00bboff\u00a0\u00bb button_two_border_color__hover_enabled=\u00a0\u00bboff\u00a0\u00bb button_border_radius__hover_enabled=\u00a0\u00bboff\u00a0\u00bb button_one_border_radius__hover_enabled=\u00a0\u00bboff\u00a0\u00bb button_two_border_radius__hover_enabled=\u00a0\u00bboff\u00a0\u00bb button_letter_spacing__hover_enabled=\u00a0\u00bboff\u00a0\u00bb button_one_letter_spacing__hover_enabled=\u00a0\u00bboff\u00a0\u00bb button_two_letter_spacing__hover_enabled=\u00a0\u00bboff\u00a0\u00bb button_bg_color__hover_enabled=\u00a0\u00bboff\u00a0\u00bb button_one_bg_color__hover_enabled=\u00a0\u00bboff\u00a0\u00bb button_two_bg_color__hover_enabled=\u00a0\u00bboff\u00a0\u00bb][\/et_pb_contact_field][et_pb_contact_field field_id=\u00a0\u00bbtype_design_autre\u00a0\u00bb field_title=\u00a0\u00bbQuel est le type de design souhaitez?\u00a0\u00bb fullwidth_field=\u00a0\u00bbon\u00a0\u00bb conditional_logic=\u00a0\u00bbon\u00a0\u00bb conditional_logic_rules=\u00a0\u00bb%91{%22field%22:%22type_design%22,%22condition%22:%22is%22,%22value%22:%22Autre%22}%93&Prime; _builder_version=\u00a0\u00bb4.20.4&Prime; _module_preset=\u00a0\u00bbdefault\u00a0\u00bb global_colors_info=\u00a0\u00bb{}\u00a0\u00bb][\/et_pb_contact_field][et_pb_contact_field field_id=\u00a0\u00bbdimensions\u00a0\u00bb field_title=\u00a0\u00bbQuelles dimensions souhaitez-vous pour votre pergola? (Exemples : 10&prime; x 10&prime;, 12&prime; x 12&prime;, etc.) Pr\u00e9ciser la largeur et la profondeur.\u00a0\u00bb fullwidth_field=\u00a0\u00bbon\u00a0\u00bb _builder_version=\u00a0\u00bb4.20.4&Prime; _module_preset=\u00a0\u00bbdefault\u00a0\u00bb hover_enabled=\u00a0\u00bb0&Prime; global_colors_info=\u00a0\u00bb{}\u00a0\u00bb sticky_enabled=\u00a0\u00bb0&Prime;][\/et_pb_contact_field][et_pb_contact_field field_id=\u00a0\u00bbbase\u00a0\u00bb field_title=\u00a0\u00bbSur quelle base sera install\u00e9e la pergola?\u00a0\u00bb field_type=\u00a0\u00bbradio\u00a0\u00bb radio_options=\u00a0\u00bb%91{%22value%22:%22Base en bois sur pattes ajustables (r\u00e9alis\u00e9e par notre \u00e9quipe)%22,%22checked%22:0,%22dragID%22:-1},{%22value%22:%22Dalle de b\u00e9ton (doit \u00eatre r\u00e9alis\u00e9e par le client avant les travaux)%22,%22checked%22:0,%22dragID%22:0},{%22value%22:%22Pieux viss\u00e9s (doivent \u00eatre install\u00e9s par le client avant les travaux)%22,%22checked%22:0,%22dragID%22:1}%93&Prime; fullwidth_field=\u00a0\u00bbon\u00a0\u00bb _builder_version=\u00a0\u00bb4.20.4&Prime; _module_preset=\u00a0\u00bbdefault\u00a0\u00bb custom_css_main_element=\u00a0\u00bbbackground: transparent;\u00a0\u00bb global_colors_info=\u00a0\u00bb{}\u00a0\u00bb][\/et_pb_contact_field][et_pb_contact_field field_id=\u00a0\u00bbbase_bois_dim\u00a0\u00bb field_title=\u00a0\u00bbQuelles dimensions doit avoir votre base en bois?\u00a0\u00bb field_type=\u00a0\u00bbradio\u00a0\u00bb radio_options=\u00a0\u00bb%91{%22value%22:%22M\u00eames dimensions que la pergola%22,%22checked%22:0,%22dragID%22:-1},{%22value%22:%22Dimensions plus grandes que la pergola.%22,%22checked%22:0,%22dragID%22:0}%93&Prime; fullwidth_field=\u00a0\u00bbon\u00a0\u00bb conditional_logic=\u00a0\u00bbon\u00a0\u00bb conditional_logic_rules=\u00a0\u00bb%91{%22field%22:%22base%22,%22condition%22:%22is%22,%22value%22:%22Base en bois sur pattes ajustables (r\u00e9alis\u00e9e par notre \u00e9quipe)%22}%93&Prime; _builder_version=\u00a0\u00bb4.20.4&Prime; _module_preset=\u00a0\u00bbdefault\u00a0\u00bb global_colors_info=\u00a0\u00bb{}\u00a0\u00bb][\/et_pb_contact_field][et_pb_contact_field field_id=\u00a0\u00bbbase_bois_dim_perso\u00a0\u00bb field_title=\u00a0\u00bbVeuillez indiquer les dimensions de la base souhait\u00e9e \u00a0\u00bb fullwidth_field=\u00a0\u00bbon\u00a0\u00bb conditional_logic=\u00a0\u00bbon\u00a0\u00bb conditional_logic_rules=\u00a0\u00bb%91{%22field%22:%22base_bois_dim%22,%22condition%22:%22is%22,%22value%22:%22Dimensions plus grandes que la pergola.%22}%93&Prime; _builder_version=\u00a0\u00bb4.20.4&Prime; _module_preset=\u00a0\u00bbdefault\u00a0\u00bb global_colors_info=\u00a0\u00bb{}\u00a0\u00bb][\/et_pb_contact_field][et_pb_contact_field field_id=\u00a0\u00bbpret_base_bois\u00a0\u00bb field_title=\u00a0\u00bbVotre terrain est-il pr\u00eat \u00e0 accueillir la base en bois? Celui-ci a-t-il \u00e9t\u00e9 compact\u00e9 de fa\u00e7on \u00e0 le rendre au niveau?\u00a0\u00bb field_type=\u00a0\u00bbradio\u00a0\u00bb radio_options=\u00a0\u00bb%91{%22value%22:%22Oui%22,%22checked%22:0,%22dragID%22:-1},{%22value%22:%22Non, pas encore, mais je le ferai avant votre arriv\u00e9e%22,%22checked%22:0,%22dragID%22:0}%93&Prime; fullwidth_field=\u00a0\u00bbon\u00a0\u00bb conditional_logic=\u00a0\u00bbon\u00a0\u00bb conditional_logic_rules=\u00a0\u00bb%91{%22field%22:%22base%22,%22condition%22:%22is%22,%22value%22:%22Base en bois sur pattes ajustables (r\u00e9alis\u00e9e par notre \u00e9quipe)%22}%93&Prime; _builder_version=\u00a0\u00bb4.20.4&Prime; _module_preset=\u00a0\u00bbdefault\u00a0\u00bb global_colors_info=\u00a0\u00bb{}\u00a0\u00bb][\/et_pb_contact_field][et_pb_contact_field field_id=\u00a0\u00bbtype_toit\u00a0\u00bb field_title=\u00a0\u00bbQuel type de toit souhaitez-vous?\u00a0\u00bb field_type=\u00a0\u00bbradio\u00a0\u00bb radio_options=\u00a0\u00bb%91{%22value%22:%22Polycarbonate fum\u00e9%22,%22checked%22:0,%22dragID%22:-1},{%22value%22:%22T\u00f4le%22,%22checked%22:0,%22dragID%22:0}%93&Prime; fullwidth_field=\u00a0\u00bbon\u00a0\u00bb _builder_version=\u00a0\u00bb4.20.4&Prime; _module_preset=\u00a0\u00bbdefault\u00a0\u00bb custom_css_main_element=\u00a0\u00bbbackground: transparent;\u00a0\u00bb global_colors_info=\u00a0\u00bb{}\u00a0\u00bb][\/et_pb_contact_field][\/et_pb_contact_form][et_pb_code _builder_version=\u00a0\u00bb4.20.4&Prime; _module_preset=\u00a0\u00bbdefault\u00a0\u00bb global_colors_info=\u00a0\u00bb{}\u00a0\u00bb]<\/p>\n<style><!-- [et_pb_line_break_holder] -->    .selected-option {<!-- [et_pb_line_break_holder] -->        border-color: white !important;<!-- [et_pb_line_break_holder] -->    }<!-- [et_pb_line_break_holder] --><!-- [et_pb_line_break_holder] -->    .et_pb_contact_field_options_list>span {<!-- [et_pb_line_break_holder] -->        border: 1px solid #070606;<!-- [et_pb_line_break_holder] -->        border-radius: 15px;<!-- [et_pb_line_break_holder] -->    }<!-- [et_pb_line_break_holder] --><!-- [et_pb_line_break_holder] -->    .radio-img {<!-- [et_pb_line_break_holder] -->        max-height: 300px;<!-- [et_pb_line_break_holder] -->        max-width: 300px;<!-- [et_pb_line_break_holder] -->    }<!-- [et_pb_line_break_holder] --><!-- [et_pb_line_break_holder] -->    .span-form {<!-- [et_pb_line_break_holder] -->        display: flex;<!-- [et_pb_line_break_holder] -->        flex-direction: column;<!-- [et_pb_line_break_holder] -->        justify-content: flex-end;<!-- [et_pb_line_break_holder] -->        padding: 20px;<!-- [et_pb_line_break_holder] -->        gap: 15px;<!-- [et_pb_line_break_holder] -->        cursor: pointer;<!-- [et_pb_line_break_holder] -->    }<!-- [et_pb_line_break_holder] --><!-- [et_pb_line_break_holder] -->    .span-form>label {<!-- [et_pb_line_break_holder] -->        text-align: center !important;<!-- [et_pb_line_break_holder] -->    }<!-- [et_pb_line_break_holder] --><!-- [et_pb_line_break_holder] -->    .radio-span {<!-- [et_pb_line_break_holder] -->        display: flex;<!-- [et_pb_line_break_holder] -->        justify-content: center;<!-- [et_pb_line_break_holder] -->        gap: 50px;<!-- [et_pb_line_break_holder] -->    }<!-- [et_pb_line_break_holder] --><!-- [et_pb_line_break_holder] -->    .et_pb_contact_form_label {<!-- [et_pb_line_break_holder] -->        color: white;<!-- [et_pb_line_break_holder] -->        font-size: 18px;<!-- [et_pb_line_break_holder] -->        margin-bottom: 20px;<!-- [et_pb_line_break_holder] -->    }<!-- [et_pb_line_break_holder] --><\/style>\n<p><!-- [et_pb_line_break_holder] --><script><!-- [et_pb_line_break_holder] -->    $(document).ready(function () {<!-- [et_pb_line_break_holder] -->        \/\/type de pergolas<!-- [et_pb_line_break_holder] -->        $(\".et_pb_contact_field_options_list:first\").addClass(\"radio-span\");<!-- [et_pb_line_break_holder] -->        $(\".et_pb_contact_field_options_list:first span\").addClass(\"span-form\");<!-- [et_pb_line_break_holder] -->        $(\".et_pb_contact_field_options_list:first span:first\").prepend('<img decoding=\"async\" class=\"radio-img\" src=\"\/wp-content\/uploads\/2023\/04\/form_monopente.png\"\/>');<!-- [et_pb_line_break_holder] -->        $(\".et_pb_contact_field_options_list:first span:eq(1)\").prepend('<img decoding=\"async\" class=\"radio-img\" src=\"\/wp-content\/uploads\/2023\/04\/form_double_pente.png\"\/>');<!-- [et_pb_line_break_holder] -->        $(\".et_pb_contact_field_options_list:first span:eq(2)\").attr(\"style\", \"border-color: #070606 !important\");<!-- [et_pb_line_break_holder] --><!-- [et_pb_line_break_holder] -->        \/\/type de base<!-- [et_pb_line_break_holder] -->        $(\".et_pb_contact_field_options_list:eq(1)\").addClass(\"radio-span\");<!-- [et_pb_line_break_holder] -->        $(\".et_pb_contact_field_options_list:eq(1) span\").addClass(\"span-form\");<!-- [et_pb_line_break_holder] -->        $(\".et_pb_contact_field_options_list:eq(1) span:first\").prepend('<img decoding=\"async\" class=\"radio-img\" src=\"\/wp-content\/uploads\/2023\/04\/form_bois.png\"\/>');<!-- [et_pb_line_break_holder] -->        $(\".et_pb_contact_field_options_list:eq(1) span:eq(1)\").prepend('<img decoding=\"async\" class=\"radio-img\" src=\"\/wp-content\/uploads\/2023\/04\/form_beton.png\"\/>');<!-- [et_pb_line_break_holder] -->        $(\".et_pb_contact_field_options_list:eq(1) span:eq(2)\").prepend('<img decoding=\"async\" class=\"radio-img\" src=\"\/wp-content\/uploads\/2023\/04\/form_pieux.png\"\/>');<!-- [et_pb_line_break_holder] --><!-- [et_pb_line_break_holder] -->        \/\/type de toit<!-- [et_pb_line_break_holder] -->        $(\".et_pb_contact_field_options_list:eq(4)\").addClass(\"radio-span\");<!-- [et_pb_line_break_holder] -->        $(\".et_pb_contact_field_options_list:eq(4) span\").addClass(\"span-form\");<!-- [et_pb_line_break_holder] -->        $(\".et_pb_contact_field_options_list:eq(4) span:first\").prepend('<img decoding=\"async\" class=\"radio-img\" src=\"\/wp-content\/uploads\/2023\/04\/form_poly.png\"\/>');<!-- [et_pb_line_break_holder] -->        $(\".et_pb_contact_field_options_list:eq(4) span:eq(1)\").prepend('<img decoding=\"async\" class=\"radio-img\" src=\"\/wp-content\/uploads\/2023\/04\/form_tole.png\"\/>');<!-- [et_pb_line_break_holder] --><!-- [et_pb_line_break_holder] -->        $(\".span-form > img\").click(function () {<!-- [et_pb_line_break_holder] -->            $(this).parent().siblings().removeClass(\"selected-option\");<!-- [et_pb_line_break_holder] -->            $(this).parent().addClass(\"selected-option\");<!-- [et_pb_line_break_holder] -->            $(this).parent().children().eq(2).prop(\"checked\", true).trigger(\"click\");<!-- [et_pb_line_break_holder] -->        });<!-- [et_pb_line_break_holder] --><!-- [et_pb_line_break_holder] -->        $(\".span-form > label\").click(function () {<!-- [et_pb_line_break_holder] -->            $(this).parent().siblings().removeClass(\"selected-option\");<!-- [et_pb_line_break_holder] -->            $(this).parent().addClass(\"selected-option\");<!-- [et_pb_line_break_holder] -->        });<!-- [et_pb_line_break_holder] -->    });<!-- [et_pb_line_break_holder] --><\/script>[\/et_pb_code][\/et_pb_column][\/et_pb_row][\/et_pb_section]<\/p>\n","protected":false},"excerpt":{"rendered":"<p>Ma pergola | Demande de soumissionBonjour,\u00a0 Ce formulaire a pour but d&rsquo;en savoir plus sur votre projet de pergola. Vos r\u00e9ponses nous permettront de vous faire parvenir un estim\u00e9 pr\u00e9cis pour la r\u00e9alisation de votre projet.\u00a0<\/p>","protected":false},"author":1,"featured_media":0,"parent":0,"menu_order":0,"comment_status":"closed","ping_status":"closed","template":"","meta":{"_et_pb_use_builder":"on","_et_pb_old_content":"<!-- wp:divi\/placeholder \/-->","_et_gb_content_width":"","footnotes":""},"class_list":["post-390","page","type-page","status-publish","hentry"],"_links":{"self":[{"href":"https:\/\/creationslj.com\/en\/wp-json\/wp\/v2\/pages\/390","targetHints":{"allow":["GET"]}}],"collection":[{"href":"https:\/\/creationslj.com\/en\/wp-json\/wp\/v2\/pages"}],"about":[{"href":"https:\/\/creationslj.com\/en\/wp-json\/wp\/v2\/types\/page"}],"author":[{"embeddable":true,"href":"https:\/\/creationslj.com\/en\/wp-json\/wp\/v2\/users\/1"}],"replies":[{"embeddable":true,"href":"https:\/\/creationslj.com\/en\/wp-json\/wp\/v2\/comments?post=390"}],"version-history":[{"count":44,"href":"https:\/\/creationslj.com\/en\/wp-json\/wp\/v2\/pages\/390\/revisions"}],"predecessor-version":[{"id":475,"href":"https:\/\/creationslj.com\/en\/wp-json\/wp\/v2\/pages\/390\/revisions\/475"}],"wp:attachment":[{"href":"https:\/\/creationslj.com\/en\/wp-json\/wp\/v2\/media?parent=390"}],"curies":[{"name":"wp","href":"https:\/\/api.w.org\/{rel}","templated":true}]}}